{"id":64,"date":"2023-08-21T12:17:57","date_gmt":"2023-08-21T10:17:57","guid":{"rendered":"https:\/\/lesgaletsdemarion.com\/index.php\/contact-us\/"},"modified":"2023-09-28T21:29:13","modified_gmt":"2023-09-28T19:29:13","slug":"contact-us","status":"publish","type":"page","link":"https:\/\/lesgaletsdemarion.com\/index.php\/contact-us\/","title":{"rendered":"commande\/r\u00e9servation"},"content":{"rendered":"\t\t<div data-elementor-type=\"wp-page\" data-elementor-id=\"64\" class=\"elementor elementor-64\" data-elementor-post-type=\"page\">\n\t\t\t\t\t\t<section class=\"elementor-section elementor-top-section elementor-element elementor-element-58f1ef19 elementor-section-boxed elementor-section-height-default elementor-section-height-default\" data-id=\"58f1ef19\" data-element_type=\"section\" data-e-type=\"section\">\n\t\t\t\t\t\t<div class=\"elementor-container elementor-column-gap-no\">\n\t\t\t\t\t<div class=\"elementor-column elementor-col-100 elementor-top-column elementor-element elementor-element-7d00d27c\" data-id=\"7d00d27c\" data-element_type=\"column\" data-e-type=\"column\">\n\t\t\t<div class=\"elementor-widget-wrap elementor-element-populated\">\n\t\t\t\t\t\t<div class=\"elementor-element elementor-element-396058b6 elementor-invisible elementor-widget elementor-widget-heading\" data-id=\"396058b6\" data-element_type=\"widget\" data-e-type=\"widget\" data-settings=\"{&quot;_animation&quot;:&quot;fadeInUp&quot;}\" data-widget_type=\"heading.default\">\n\t\t\t\t<div class=\"elementor-widget-container\">\n\t\t\t\t\t<h1 class=\"elementor-heading-title elementor-size-default\">Commande \/r\u00e9servation<\/h1>\t\t\t\t<\/div>\n\t\t\t\t<\/div>\n\t\t\t\t<div class=\"elementor-element elementor-element-225a39e2 elementor-invisible elementor-widget elementor-widget-text-editor\" data-id=\"225a39e2\" data-element_type=\"widget\" data-e-type=\"widget\" data-settings=\"{&quot;_animation&quot;:&quot;fadeInDown&quot;}\" data-widget_type=\"text-editor.default\">\n\t\t\t\t<div class=\"elementor-widget-container\">\n\t\t\t\t\t\t\t\t\t<p>Vous avez trouv\u00e9 dans ma galerie un ou plusieurs articles\/prestations qui vous ont plu et vous aimeriez en savoir plus passer commande?<\/p><p>Remplissez le formulaire ci-dessous et je me ferai un plaisir de vous r\u00e9pondre au plus vite.\u00a0<\/p><p>Have you find in my gallery one or more items\/services that you liked and would you like to know more about placing an order?\u00a0<\/p><p>Fill out the form bellow and I will be happy te respond to you as soon as possible.<\/p>\t\t\t\t\t\t\t\t<\/div>\n\t\t\t\t<\/div>\n\t\t\t\t<div class=\"elementor-element elementor-element-6e1d6370 elementor-icon-list--layout-inline elementor-align-center elementor-list-item-link-full_width elementor-widget elementor-widget-icon-list\" data-id=\"6e1d6370\" data-element_type=\"widget\" data-e-type=\"widget\" data-widget_type=\"icon-list.default\">\n\t\t\t\t<div class=\"elementor-widget-container\">\n\t\t\t\t\t\t\t<ul class=\"elementor-icon-list-items elementor-inline-items\">\n\t\t\t\t\t\t\t<li class=\"elementor-icon-list-item elementor-inline-item\">\n\t\t\t\t\t\t\t\t\t\t\t<a href=\"mailto:info@mishmish.com\">\n\n\t\t\t\t\t\t\t\t\t\t\t<span class=\"elementor-icon-list-text\">lesgaletsdemarion@gmail.com<\/span>\n\t\t\t\t\t\t\t\t\t\t\t<\/a>\n\t\t\t\t\t\t\t\t\t<\/li>\n\t\t\t\t\t\t\t\t<li class=\"elementor-icon-list-item elementor-inline-item\">\n\t\t\t\t\t\t\t\t\t\t\t<a href=\"tel:(305)%20643-0879\">\n\n\t\t\t\t\t\t\t\t\t\t\t<span class=\"elementor-icon-list-text\">+33 780 967 849 \/ 07 80 96 78 49<\/span>\n\t\t\t\t\t\t\t\t\t\t\t<\/a>\n\t\t\t\t\t\t\t\t\t<\/li>\n\t\t\t\t\t\t<\/ul>\n\t\t\t\t\t\t<\/div>\n\t\t\t\t<\/div>\n\t\t\t\t<div class=\"elementor-element elementor-element-f15c48b elementor-button-align-center elementor-widget elementor-widget-form\" data-id=\"f15c48b\" data-element_type=\"widget\" data-e-type=\"widget\" data-settings=\"{&quot;step_next_label&quot;:&quot;Next&quot;,&quot;step_previous_label&quot;:&quot;Previous&quot;,&quot;button_width&quot;:&quot;100&quot;,&quot;step_type&quot;:&quot;number_text&quot;,&quot;step_icon_shape&quot;:&quot;circle&quot;}\" data-widget_type=\"form.default\">\n\t\t\t\t<div class=\"elementor-widget-container\">\n\t\t\t\t\t\t\t<form class=\"elementor-form\" method=\"post\" name=\"Contact Form\" aria-label=\"Contact Form\">\n\t\t\t<input type=\"hidden\" name=\"post_id\" value=\"64\"\/>\n\t\t\t<input type=\"hidden\" name=\"form_id\" value=\"f15c48b\"\/>\n\t\t\t<input type=\"hidden\" name=\"referer_title\" value=\"commande\/r\u00e9servation - Les Galets de Marion\" \/>\n\n\t\t\t\t\t\t\t<input type=\"hidden\" name=\"queried_id\" value=\"64\"\/>\n\t\t\t\n\t\t\t<div class=\"elementor-form-fields-wrapper elementor-labels-\">\n\t\t\t\t\t\t\t\t<div class=\"elementor-field-type-text elementor-field-group elementor-column elementor-field-group-name elementor-col-100\">\n\t\t\t\t\t\t\t\t\t\t\t\t<label for=\"form-field-name\" class=\"elementor-field-label elementor-screen-only\">\n\t\t\t\t\t\t\t\tYour full Name* \t\t\t\t\t\t\t<\/label>\n\t\t\t\t\t\t\t\t\t\t\t\t\t\t<input size=\"1\" type=\"text\" name=\"form_fields[name]\" id=\"form-field-name\" class=\"elementor-field elementor-size-sm  elementor-field-textual\" placeholder=\"NOM\/full Name* \">\n\t\t\t\t\t\t\t\t\t\t\t<\/div>\n\t\t\t\t\t\t\t\t<div class=\"elementor-field-type-email elementor-field-group elementor-column elementor-field-group-email elementor-col-50 elementor-field-required\">\n\t\t\t\t\t\t\t\t\t\t\t\t<label for=\"form-field-email\" class=\"elementor-field-label elementor-screen-only\">\n\t\t\t\t\t\t\t\tYour email*\t\t\t\t\t\t\t<\/label>\n\t\t\t\t\t\t\t\t\t\t\t\t\t\t<input size=\"1\" type=\"email\" name=\"form_fields[email]\" id=\"form-field-email\" class=\"elementor-field elementor-size-sm  elementor-field-textual\" placeholder=\" email*\" required=\"required\">\n\t\t\t\t\t\t\t\t\t\t\t<\/div>\n\t\t\t\t\t\t\t\t<div class=\"elementor-field-type-tel elementor-field-group elementor-column elementor-field-group-field_4d3a88b elementor-col-50\">\n\t\t\t\t\t\t\t\t\t\t\t\t<label for=\"form-field-field_4d3a88b\" class=\"elementor-field-label elementor-screen-only\">\n\t\t\t\t\t\t\t\tYour phone (optional)\t\t\t\t\t\t\t<\/label>\n\t\t\t\t\t\t\t\t<input size=\"1\" type=\"tel\" name=\"form_fields[field_4d3a88b]\" id=\"form-field-field_4d3a88b\" class=\"elementor-field elementor-size-sm  elementor-field-textual\" placeholder=\"NUMERO* \/phone\" pattern=\"[0-9()#&amp;+*-=.]+\" title=\"Seuls les caract\u00e8res de num\u00e9ros de t\u00e9l\u00e9phone (#, -, *, etc.) sont accept\u00e9s.\">\n\n\t\t\t\t\t\t<\/div>\n\t\t\t\t\t\t\t\t<div class=\"elementor-field-type-text elementor-field-group elementor-column elementor-field-group-field_bf60ea8 elementor-col-100\">\n\t\t\t\t\t\t\t\t\t\t\t\t<label for=\"form-field-field_bf60ea8\" class=\"elementor-field-label elementor-screen-only\">\n\t\t\t\t\t\t\t\tI\u2019m inquiring about*\t\t\t\t\t\t\t<\/label>\n\t\t\t\t\t\t\t\t\t\t\t\t\t\t<input size=\"1\" type=\"text\" name=\"form_fields[field_bf60ea8]\" id=\"form-field-field_bf60ea8\" class=\"elementor-field elementor-size-sm  elementor-field-textual\" placeholder=\"demande de renseignements sur (pr\u00e9cisez le mod\u00e8le) \/ I\u2019m inquiring about)*\">\n\t\t\t\t\t\t\t\t\t\t\t<\/div>\n\t\t\t\t\t\t\t\t<div class=\"elementor-field-type-textarea elementor-field-group elementor-column elementor-field-group-message elementor-col-100\">\n\t\t\t\t\t\t\t\t\t\t\t\t<label for=\"form-field-message\" class=\"elementor-field-label elementor-screen-only\">\n\t\t\t\t\t\t\t\tYour message*\t\t\t\t\t\t\t<\/label>\n\t\t\t\t\t\t<textarea class=\"elementor-field-textual elementor-field  elementor-size-sm\" name=\"form_fields[message]\" id=\"form-field-message\" rows=\"4\" placeholder=\"message*\"><\/textarea>\t\t\t\t<\/div>\n\t\t\t\t\t\t\t\t<div class=\"elementor-field-group elementor-column elementor-field-type-submit elementor-col-100 e-form__buttons\">\n\t\t\t\t\t<button class=\"elementor-button elementor-size-lg elementor-animation-float\" type=\"submit\">\n\t\t\t\t\t\t<span class=\"elementor-button-content-wrapper\">\n\t\t\t\t\t\t\t\t\t\t\t\t\t\t\t\t\t\t\t\t\t\t<span class=\"elementor-button-text\">envoyer (send)<\/span>\n\t\t\t\t\t\t\t\t\t\t\t\t\t<\/span>\n\t\t\t\t\t<\/button>\n\t\t\t\t<\/div>\n\t\t\t<\/div>\n\t\t<\/form>\n\t\t\t\t\t\t<\/div>\n\t\t\t\t<\/div>\n\t\t\t\t\t<\/div>\n\t\t<\/div>\n\t\t\t\t\t<\/div>\n\t\t<\/section>\n\t\t\t\t<\/div>\n\t\t","protected":false},"excerpt":{"rendered":"<p>Commande \/r\u00e9servation Vous avez trouv\u00e9 dans ma galerie un ou plusieurs articles\/prestations qui vous ont plu et vous aimeriez en savoir plus passer commande? Remplissez le formulaire ci-dessous et je me ferai un plaisir de vous r\u00e9pondre au plus vite.\u00a0 Have you find in my gallery one or more items\/services that you liked and would&hellip; <a class=\"more-link\" href=\"https:\/\/lesgaletsdemarion.com\/index.php\/contact-us\/\">Poursuivre la lecture <span class=\"screen-reader-text\">commande\/r\u00e9servation<\/span><\/a><\/p>\n","protected":false},"author":1,"featured_media":67,"parent":0,"menu_order":0,"comment_status":"closed","ping_status":"closed","template":"elementor_header_footer","meta":{"footnotes":""},"class_list":["post-64","page","type-page","status-publish","has-post-thumbnail","hentry","entry"],"yoast_head":"<!-- This site is optimized with the Yoast SEO plugin v27.5 - https:\/\/yoast.com\/product\/yoast-seo-wordpress\/ -->\n<title>commande\/r\u00e9servation - Les Galets de Marion<\/title>\n<meta name=\"robots\" content=\"index, follow, max-snippet:-1, max-image-preview:large, max-video-preview:-1\" \/>\n<link rel=\"canonical\" href=\"https:\/\/lesgaletsdemarion.com\/index.php\/contact-us\/\" \/>\n<meta property=\"og:locale\" content=\"fr_FR\" \/>\n<meta property=\"og:type\" content=\"article\" \/>\n<meta property=\"og:title\" content=\"commande\/r\u00e9servation - Les Galets de Marion\" \/>\n<meta property=\"og:description\" content=\"Commande \/r\u00e9servation Vous avez trouv\u00e9 dans ma galerie un ou plusieurs articles\/prestations qui vous ont plu et vous aimeriez en savoir plus passer commande? Remplissez le formulaire ci-dessous et je me ferai un plaisir de vous r\u00e9pondre au plus vite.\u00a0 Have you find in my gallery one or more items\/services that you liked and would&hellip; Poursuivre la lecture commande\/r\u00e9servation\" \/>\n<meta property=\"og:url\" content=\"https:\/\/lesgaletsdemarion.com\/index.php\/contact-us\/\" \/>\n<meta property=\"og:site_name\" content=\"Les Galets de Marion\" \/>\n<meta property=\"article:publisher\" content=\"https:\/\/www.facebook.com\/lesgaletsdemarion\/\" \/>\n<meta property=\"article:modified_time\" content=\"2023-09-28T19:29:13+00:00\" \/>\n<meta property=\"og:image\" content=\"https:\/\/lesgaletsdemarion.com\/wp-content\/uploads\/2023\/08\/Handmade-Kid-Shop-Contact.jpg\" \/>\n\t<meta property=\"og:image:width\" content=\"400\" \/>\n\t<meta property=\"og:image:height\" content=\"380\" \/>\n\t<meta property=\"og:image:type\" content=\"image\/jpeg\" \/>\n<meta name=\"twitter:card\" content=\"summary_large_image\" \/>\n<script type=\"application\/ld+json\" class=\"yoast-schema-graph\">{\"@context\":\"https:\\\/\\\/schema.org\",\"@graph\":[{\"@type\":\"WebPage\",\"@id\":\"https:\\\/\\\/lesgaletsdemarion.com\\\/index.php\\\/contact-us\\\/\",\"url\":\"https:\\\/\\\/lesgaletsdemarion.com\\\/index.php\\\/contact-us\\\/\",\"name\":\"commande\\\/r\u00e9servation - Les Galets de Marion\",\"isPartOf\":{\"@id\":\"https:\\\/\\\/lesgaletsdemarion.com\\\/#website\"},\"primaryImageOfPage\":{\"@id\":\"https:\\\/\\\/lesgaletsdemarion.com\\\/index.php\\\/contact-us\\\/#primaryimage\"},\"image\":{\"@id\":\"https:\\\/\\\/lesgaletsdemarion.com\\\/index.php\\\/contact-us\\\/#primaryimage\"},\"thumbnailUrl\":\"https:\\\/\\\/lesgaletsdemarion.com\\\/wp-content\\\/uploads\\\/2023\\\/08\\\/Handmade-Kid-Shop-Contact.jpg\",\"datePublished\":\"2023-08-21T10:17:57+00:00\",\"dateModified\":\"2023-09-28T19:29:13+00:00\",\"breadcrumb\":{\"@id\":\"https:\\\/\\\/lesgaletsdemarion.com\\\/index.php\\\/contact-us\\\/#breadcrumb\"},\"inLanguage\":\"fr-FR\",\"potentialAction\":[{\"@type\":\"ReadAction\",\"target\":[\"https:\\\/\\\/lesgaletsdemarion.com\\\/index.php\\\/contact-us\\\/\"]}]},{\"@type\":\"ImageObject\",\"inLanguage\":\"fr-FR\",\"@id\":\"https:\\\/\\\/lesgaletsdemarion.com\\\/index.php\\\/contact-us\\\/#primaryimage\",\"url\":\"https:\\\/\\\/lesgaletsdemarion.com\\\/wp-content\\\/uploads\\\/2023\\\/08\\\/Handmade-Kid-Shop-Contact.jpg\",\"contentUrl\":\"https:\\\/\\\/lesgaletsdemarion.com\\\/wp-content\\\/uploads\\\/2023\\\/08\\\/Handmade-Kid-Shop-Contact.jpg\",\"width\":400,\"height\":380},{\"@type\":\"BreadcrumbList\",\"@id\":\"https:\\\/\\\/lesgaletsdemarion.com\\\/index.php\\\/contact-us\\\/#breadcrumb\",\"itemListElement\":[{\"@type\":\"ListItem\",\"position\":1,\"name\":\"Accueil\",\"item\":\"https:\\\/\\\/lesgaletsdemarion.com\\\/\"},{\"@type\":\"ListItem\",\"position\":2,\"name\":\"commande\\\/r\u00e9servation\"}]},{\"@type\":\"WebSite\",\"@id\":\"https:\\\/\\\/lesgaletsdemarion.com\\\/#website\",\"url\":\"https:\\\/\\\/lesgaletsdemarion.com\\\/\",\"name\":\"Les Galets de Marion\",\"description\":\"Cr\u00e9ations de peinture sur galets animation d&#039;ateliers loisirs cr\u00e9atifs et d&#039;anniversaire cr\u00e9atifs sur Marseille\",\"publisher\":{\"@id\":\"https:\\\/\\\/lesgaletsdemarion.com\\\/#organization\"},\"potentialAction\":[{\"@type\":\"SearchAction\",\"target\":{\"@type\":\"EntryPoint\",\"urlTemplate\":\"https:\\\/\\\/lesgaletsdemarion.com\\\/?s={search_term_string}\"},\"query-input\":{\"@type\":\"PropertyValueSpecification\",\"valueRequired\":true,\"valueName\":\"search_term_string\"}}],\"inLanguage\":\"fr-FR\"},{\"@type\":\"Organization\",\"@id\":\"https:\\\/\\\/lesgaletsdemarion.com\\\/#organization\",\"name\":\"Les Galets de Marion\",\"url\":\"https:\\\/\\\/lesgaletsdemarion.com\\\/\",\"logo\":{\"@type\":\"ImageObject\",\"inLanguage\":\"fr-FR\",\"@id\":\"https:\\\/\\\/lesgaletsdemarion.com\\\/#\\\/schema\\\/logo\\\/image\\\/\",\"url\":\"https:\\\/\\\/lesgaletsdemarion.com\\\/wp-content\\\/uploads\\\/2023\\\/08\\\/Logo_GDM_Bleu.png\",\"contentUrl\":\"https:\\\/\\\/lesgaletsdemarion.com\\\/wp-content\\\/uploads\\\/2023\\\/08\\\/Logo_GDM_Bleu.png\",\"width\":927,\"height\":926,\"caption\":\"Les Galets de Marion\"},\"image\":{\"@id\":\"https:\\\/\\\/lesgaletsdemarion.com\\\/#\\\/schema\\\/logo\\\/image\\\/\"},\"sameAs\":[\"https:\\\/\\\/www.facebook.com\\\/lesgaletsdemarion\\\/\",\"https:\\\/\\\/www.instagram.com\\\/lesgaletsdemarion\\\/\"]}]}<\/script>\n<!-- \/ Yoast SEO plugin. -->","yoast_head_json":{"title":"commande\/r\u00e9servation - Les Galets de Marion","robots":{"index":"index","follow":"follow","max-snippet":"max-snippet:-1","max-image-preview":"max-image-preview:large","max-video-preview":"max-video-preview:-1"},"canonical":"https:\/\/lesgaletsdemarion.com\/index.php\/contact-us\/","og_locale":"fr_FR","og_type":"article","og_title":"commande\/r\u00e9servation - Les Galets de Marion","og_description":"Commande \/r\u00e9servation Vous avez trouv\u00e9 dans ma galerie un ou plusieurs articles\/prestations qui vous ont plu et vous aimeriez en savoir plus passer commande? Remplissez le formulaire ci-dessous et je me ferai un plaisir de vous r\u00e9pondre au plus vite.\u00a0 Have you find in my gallery one or more items\/services that you liked and would&hellip; Poursuivre la lecture commande\/r\u00e9servation","og_url":"https:\/\/lesgaletsdemarion.com\/index.php\/contact-us\/","og_site_name":"Les Galets de Marion","article_publisher":"https:\/\/www.facebook.com\/lesgaletsdemarion\/","article_modified_time":"2023-09-28T19:29:13+00:00","og_image":[{"width":400,"height":380,"url":"https:\/\/lesgaletsdemarion.com\/wp-content\/uploads\/2023\/08\/Handmade-Kid-Shop-Contact.jpg","type":"image\/jpeg"}],"twitter_card":"summary_large_image","schema":{"@context":"https:\/\/schema.org","@graph":[{"@type":"WebPage","@id":"https:\/\/lesgaletsdemarion.com\/index.php\/contact-us\/","url":"https:\/\/lesgaletsdemarion.com\/index.php\/contact-us\/","name":"commande\/r\u00e9servation - Les Galets de Marion","isPartOf":{"@id":"https:\/\/lesgaletsdemarion.com\/#website"},"primaryImageOfPage":{"@id":"https:\/\/lesgaletsdemarion.com\/index.php\/contact-us\/#primaryimage"},"image":{"@id":"https:\/\/lesgaletsdemarion.com\/index.php\/contact-us\/#primaryimage"},"thumbnailUrl":"https:\/\/lesgaletsdemarion.com\/wp-content\/uploads\/2023\/08\/Handmade-Kid-Shop-Contact.jpg","datePublished":"2023-08-21T10:17:57+00:00","dateModified":"2023-09-28T19:29:13+00:00","breadcrumb":{"@id":"https:\/\/lesgaletsdemarion.com\/index.php\/contact-us\/#breadcrumb"},"inLanguage":"fr-FR","potentialAction":[{"@type":"ReadAction","target":["https:\/\/lesgaletsdemarion.com\/index.php\/contact-us\/"]}]},{"@type":"ImageObject","inLanguage":"fr-FR","@id":"https:\/\/lesgaletsdemarion.com\/index.php\/contact-us\/#primaryimage","url":"https:\/\/lesgaletsdemarion.com\/wp-content\/uploads\/2023\/08\/Handmade-Kid-Shop-Contact.jpg","contentUrl":"https:\/\/lesgaletsdemarion.com\/wp-content\/uploads\/2023\/08\/Handmade-Kid-Shop-Contact.jpg","width":400,"height":380},{"@type":"BreadcrumbList","@id":"https:\/\/lesgaletsdemarion.com\/index.php\/contact-us\/#breadcrumb","itemListElement":[{"@type":"ListItem","position":1,"name":"Accueil","item":"https:\/\/lesgaletsdemarion.com\/"},{"@type":"ListItem","position":2,"name":"commande\/r\u00e9servation"}]},{"@type":"WebSite","@id":"https:\/\/lesgaletsdemarion.com\/#website","url":"https:\/\/lesgaletsdemarion.com\/","name":"Les Galets de Marion","description":"Cr\u00e9ations de peinture sur galets animation d&#039;ateliers loisirs cr\u00e9atifs et d&#039;anniversaire cr\u00e9atifs sur Marseille","publisher":{"@id":"https:\/\/lesgaletsdemarion.com\/#organization"},"potentialAction":[{"@type":"SearchAction","target":{"@type":"EntryPoint","urlTemplate":"https:\/\/lesgaletsdemarion.com\/?s={search_term_string}"},"query-input":{"@type":"PropertyValueSpecification","valueRequired":true,"valueName":"search_term_string"}}],"inLanguage":"fr-FR"},{"@type":"Organization","@id":"https:\/\/lesgaletsdemarion.com\/#organization","name":"Les Galets de Marion","url":"https:\/\/lesgaletsdemarion.com\/","logo":{"@type":"ImageObject","inLanguage":"fr-FR","@id":"https:\/\/lesgaletsdemarion.com\/#\/schema\/logo\/image\/","url":"https:\/\/lesgaletsdemarion.com\/wp-content\/uploads\/2023\/08\/Logo_GDM_Bleu.png","contentUrl":"https:\/\/lesgaletsdemarion.com\/wp-content\/uploads\/2023\/08\/Logo_GDM_Bleu.png","width":927,"height":926,"caption":"Les Galets de Marion"},"image":{"@id":"https:\/\/lesgaletsdemarion.com\/#\/schema\/logo\/image\/"},"sameAs":["https:\/\/www.facebook.com\/lesgaletsdemarion\/","https:\/\/www.instagram.com\/lesgaletsdemarion\/"]}]}},"_links":{"self":[{"href":"https:\/\/lesgaletsdemarion.com\/index.php\/wp-json\/wp\/v2\/pages\/64","targetHints":{"allow":["GET"]}}],"collection":[{"href":"https:\/\/lesgaletsdemarion.com\/index.php\/wp-json\/wp\/v2\/pages"}],"about":[{"href":"https:\/\/lesgaletsdemarion.com\/index.php\/wp-json\/wp\/v2\/types\/page"}],"author":[{"embeddable":true,"href":"https:\/\/lesgaletsdemarion.com\/index.php\/wp-json\/wp\/v2\/users\/1"}],"replies":[{"embeddable":true,"href":"https:\/\/lesgaletsdemarion.com\/index.php\/wp-json\/wp\/v2\/comments?post=64"}],"version-history":[{"count":23,"href":"https:\/\/lesgaletsdemarion.com\/index.php\/wp-json\/wp\/v2\/pages\/64\/revisions"}],"predecessor-version":[{"id":1121,"href":"https:\/\/lesgaletsdemarion.com\/index.php\/wp-json\/wp\/v2\/pages\/64\/revisions\/1121"}],"wp:featuredmedia":[{"embeddable":true,"href":"https:\/\/lesgaletsdemarion.com\/index.php\/wp-json\/wp\/v2\/media\/67"}],"wp:attachment":[{"href":"https:\/\/lesgaletsdemarion.com\/index.php\/wp-json\/wp\/v2\/media?parent=64"}],"curies":[{"name":"wp","href":"https:\/\/api.w.org\/{rel}","templated":true}]}}